{"id":2448,"date":"2021-08-11T15:53:47","date_gmt":"2021-08-11T15:53:47","guid":{"rendered":"https:\/\/slam.dunkagency.com\/cultura\/"},"modified":"2023-11-06T22:16:37","modified_gmt":"2023-11-06T22:16:37","slug":"cultura","status":"publish","type":"page","link":"https:\/\/dunkagency.com\/en\/cultura\/","title":{"rendered":"Our shape."},"content":{"rendered":"\n<div class=\"wp-block-columns -mt-16 xl:-mt-48 is-layout-flex wp-container-core-columns-is-layout-9d6595d7 wp-block-columns-is-layout-flex\">\n<div class=\"wp-block-column is-layout-flow wp-block-column-is-layout-flow\" style=\"flex-basis:50%\">\n<p><\/p>\n<\/div>\n\n\n\n<div class=\"wp-block-column is-layout-flow wp-block-column-is-layout-flow\" style=\"flex-basis:50%\">\n<p class=\"has-text-align-right\" style=\"font-size:32px\">We are an agency committed to creating <mark style=\"background-color:rgba(0, 0, 0, 0);color:#5e3697\" class=\"has-inline-color\">experiences<\/mark> connected to the modern world, bringing together data, <mark style=\"background-color:rgba(0, 0, 0, 0);color:#5e3697\" class=\"has-inline-color\">design<\/mark>, and <mark style=\"background-color:rgba(0, 0, 0, 0);color:#5e3697\" class=\"has-inline-color\">media<\/mark> to adapt brands to marketing and communication trends.&nbsp;<\/p>\n<\/div>\n<\/div>\n\n\n\n<div style=\"height:100px\" aria-hidden=\"true\" class=\"wp-block-spacer\"><\/div>\n\n\n\n<div class=\"wp-block-columns has-white-color has-text-color has-background is-layout-flex wp-container-core-columns-is-layout-9d6595d7 wp-block-columns-is-layout-flex\" style=\"background-color:#5e3697\">\n<div class=\"wp-block-column is-vertically-aligned-center is-layout-flow wp-block-column-is-layout-flow\" style=\"flex-basis:100%\">\n<div class=\"wp-block-columns is-layout-flex wp-container-core-columns-is-layout-9d6595d7 wp-block-columns-is-layout-flex\">\n<div class=\"wp-block-column mx-auto is-layout-flow wp-block-column-is-layout-flow\" style=\"flex-basis:80%\">\n<p class=\"move-left values-text prl text-2xl xl:text-4xl\" style=\"font-size:2.25rem\"><code><span style=\"color:#ffed17\" class=\"has-inline-color\">WE ARE ACCESSIBLE, AGILE AND EFFICIENT, DRIVEN BY OUR PASSION TOWARD YOUR GOALS.&nbsp;A TEAM THAT SEEKS TO INSPIRE CHANGE IN A 360\u00ba PERSPECTIVE,<\/span><\/code>&nbsp;<\/p>\n\n\n\n<div style=\"height:24px\" aria-hidden=\"true\" class=\"wp-block-spacer\"><\/div>\n\n\n\n<div class=\"wp-block-columns is-layout-flex wp-container-core-columns-is-layout-9d6595d7 wp-block-columns-is-layout-flex\">\n<div class=\"wp-block-column is-layout-flow wp-block-column-is-layout-flow\" style=\"flex-basis:30%\"><\/div>\n\n\n\n<div class=\"wp-block-column is-layout-flow wp-block-column-is-layout-flow\">\n<p class=\"move-right leading-6 tracking-wide\">committed to shake the status quo by the actions of digital marketing professionals, designers, copywriters, developers, managers and dreamers with experience in various market sectors, thanks to the know-how and synergies coming from our insertion in the PDM Group and in the universe of GO4 companies.&nbsp;<\/p>\n<\/div>\n<\/div>\n<\/div>\n<\/div>\n<\/div>\n<\/div>\n\n\n\n<div style=\"height:32px\" aria-hidden=\"true\" class=\"wp-block-spacer\"><\/div>\n\n\n\n<div class=\"wp-block-group\"><div class=\"wp-block-group__inner-container is-layout-flow wp-block-group-is-layout-flow\">\n<div class=\"wp-block-columns py-0 is-layout-flex wp-container-core-columns-is-layout-9d6595d7 wp-block-columns-is-layout-flex\">\n<div class=\"wp-block-column is-layout-flow wp-block-column-is-layout-flow\" style=\"flex-basis:100%\">\n<h2 class=\"wp-block-heading entry-title\" id=\"equipa\">Team<\/h2>\n<\/div>\n<\/div>\n\n\n\n<div style=\"height:40px\" aria-hidden=\"true\" class=\"wp-block-spacer\"><\/div>\n\n\n\n<div class=\"wp-block-columns ml-auto team-group lg:w-4\/5 is-layout-flex wp-container-core-columns-is-layout-9d6595d7 wp-block-columns-is-layout-flex\">\n<div class=\"wp-block-column is-vertically-aligned-top is-layout-flow wp-block-column-is-layout-flow\"><div class=\"wp-block-image\">\n<figure class=\"aligncenter size-full\"><img loading=\"lazy\" decoding=\"async\" width=\"658\" height=\"860\" src=\"https:\/\/dunkagency.com\/wp-content\/uploads\/2022\/02\/1.png\" alt=\"\" class=\"wp-image-2612\"\/><\/figure><\/div>\n\n\n<p class=\"has-medium-font-size\"><meta charset=\"utf-8\">Carlos Rocha e Silva<\/p>\n\n\n\n<p class=\"has-text-align-left has-small-font-size\">General Manager<\/p>\n<\/div>\n\n\n\n<div class=\"wp-block-column is-vertically-aligned-top is-layout-flow wp-block-column-is-layout-flow\"><div class=\"wp-block-image\">\n<figure class=\"aligncenter size-full\"><img loading=\"lazy\" decoding=\"async\" width=\"658\" height=\"860\" src=\"https:\/\/dunkagency.com\/wp-content\/uploads\/2022\/02\/3.png\" alt=\"\" class=\"wp-image-2617\"\/><\/figure><\/div>\n\n\n<p class=\"has-medium-font-size\">Elena Temaeva<\/p>\n\n\n\n<p class=\"has-small-font-size\"><meta charset=\"utf-8\">Design Manager<\/p>\n<\/div>\n\n\n\n<div class=\"wp-block-column is-vertically-aligned-top is-layout-flow wp-block-column-is-layout-flow\"><div class=\"wp-block-image\">\n<figure class=\"aligncenter size-full\"><img loading=\"lazy\" decoding=\"async\" width=\"658\" height=\"860\" src=\"https:\/\/dunkagency.com\/wp-content\/uploads\/2022\/02\/4.png\" alt=\"Fernanda Correa - Front-end Manager\" class=\"wp-image-2619\"\/><\/figure><\/div>\n\n\n<p class=\"has-medium-font-size\">Fernanda Correa<\/p>\n\n\n\n<p class=\"has-small-font-size\"><meta charset=\"utf-8\">Front-end Developer Manager<\/p>\n<\/div>\n<\/div>\n\n\n\n<div class=\"wp-block-columns ml-auto team-group lg:w-4\/5 is-layout-flex wp-container-core-columns-is-layout-9d6595d7 wp-block-columns-is-layout-flex\">\n<div class=\"wp-block-column is-vertically-aligned-top is-layout-flow wp-block-column-is-layout-flow\"><div class=\"wp-block-image\">\n<figure class=\"aligncenter size-full\"><img loading=\"lazy\" decoding=\"async\" width=\"782\" height=\"1024\" src=\"https:\/\/dunkagency.com\/wp-content\/uploads\/2022\/11\/Pic-Helena.jpg\" alt=\"Picture Helena astro\" class=\"wp-image-5709\" srcset=\"https:\/\/dunkagency.com\/wp-content\/uploads\/2022\/11\/Pic-Helena.jpg 782w, https:\/\/dunkagency.com\/wp-content\/uploads\/2022\/11\/Pic-Helena-768x1006.jpg 768w\" sizes=\"auto, (max-width: 640px) 100vw, 640px\" \/><\/figure><\/div>\n\n\n<p class=\"has-medium-font-size\">Helena Castro<\/p>\n\n\n\n<p class=\"has-small-font-size\"><meta charset=\"utf-8\">Content Manager<\/p>\n<\/div>\n\n\n\n<div class=\"wp-block-column is-vertically-aligned-top is-layout-flow wp-block-column-is-layout-flow\"><div class=\"wp-block-image\">\n<figure class=\"aligncenter size-full\"><img loading=\"lazy\" decoding=\"async\" width=\"1889\" height=\"2362\" src=\"https:\/\/dunkagency.com\/wp-content\/uploads\/2022\/11\/Pic-Ana-Moura.jpg\" alt=\"Ana Moura - Digital Marketing Manager\" class=\"wp-image-5951\" srcset=\"https:\/\/dunkagency.com\/wp-content\/uploads\/2022\/11\/Pic-Ana-Moura.jpg 1889w, https:\/\/dunkagency.com\/wp-content\/uploads\/2022\/11\/Pic-Ana-Moura-1600x2001.jpg 1600w, https:\/\/dunkagency.com\/wp-content\/uploads\/2022\/11\/Pic-Ana-Moura-768x960.jpg 768w, https:\/\/dunkagency.com\/wp-content\/uploads\/2022\/11\/Pic-Ana-Moura-1228x1536.jpg 1228w, https:\/\/dunkagency.com\/wp-content\/uploads\/2022\/11\/Pic-Ana-Moura-1638x2048.jpg 1638w, https:\/\/i0.wp.com\/dunkagency.com\/wp-content\/uploads\/2022\/11\/Pic-Ana-Moura.jpg?w=1280&amp;ssl=1 1280w\" sizes=\"auto, (max-width: 640px) 100vw, 640px\" \/><\/figure><\/div>\n\n\n<p class=\"has-medium-font-size\"><meta charset=\"utf-8\">Ana Moura<\/p>\n\n\n\n<p class=\"has-text-align-left has-small-font-size\">Digital Marketing Manager<\/p>\n<\/div>\n\n\n\n<div class=\"wp-block-column is-vertically-aligned-top is-layout-flow wp-block-column-is-layout-flow\">\n<figure class=\"wp-block-image size-full\"><img loading=\"lazy\" decoding=\"async\" width=\"658\" height=\"860\" src=\"https:\/\/dunkagency.com\/wp-content\/uploads\/2022\/11\/Pic-Nicolas-Batista.png\" alt=\"Picture Nicolas Batista\" class=\"wp-image-5719\"\/><\/figure>\n\n\n\n<p class=\"has-medium-font-size\"><meta charset=\"utf-8\">Nicolas Batista<\/p>\n\n\n\n<p class=\"has-text-align-left has-small-font-size\"><meta charset=\"utf-8\">Digital Designer Intern<\/p>\n<\/div>\n<\/div>\n<\/div><\/div>\n","protected":false},"excerpt":{"rendered":"<p>[It\u2019s true, we do it perfectly.]<\/p>\n","protected":false},"author":1,"featured_media":2385,"parent":0,"menu_order":4,"comment_status":"closed","ping_status":"closed","template":"","meta":{"ub_ctt_via":"","advanced_seo_description":"Somos uma ag\u00eancia comprometida em criar experi\u00eancias conectadas ao mundo moderno, reunindo dados, design e m\u00e9dia para adequar as marcas \u00e0s tend\u00eancias de marketing e comunica\u00e7\u00e3o.","jetpack_seo_html_title":"","jetpack_seo_noindex":false,"footnotes":""},"class_list":["post-2448","page","type-page","status-publish","has-post-thumbnail","hentry"],"featured_image_src":"https:\/\/dunkagency.com\/wp-content\/uploads\/2022\/02\/Cover-page.png","acf":[],"jetpack_sharing_enabled":true,"_links":{"self":[{"href":"https:\/\/dunkagency.com\/en\/wp-json\/wp\/v2\/pages\/2448","targetHints":{"allow":["GET"]}}],"collection":[{"href":"https:\/\/dunkagency.com\/en\/wp-json\/wp\/v2\/pages"}],"about":[{"href":"https:\/\/dunkagency.com\/en\/wp-json\/wp\/v2\/types\/page"}],"author":[{"embeddable":true,"href":"https:\/\/dunkagency.com\/en\/wp-json\/wp\/v2\/users\/1"}],"replies":[{"embeddable":true,"href":"https:\/\/dunkagency.com\/en\/wp-json\/wp\/v2\/comments?post=2448"}],"version-history":[{"count":19,"href":"https:\/\/dunkagency.com\/en\/wp-json\/wp\/v2\/pages\/2448\/revisions"}],"predecessor-version":[{"id":7456,"href":"https:\/\/dunkagency.com\/en\/wp-json\/wp\/v2\/pages\/2448\/revisions\/7456"}],"wp:featuredmedia":[{"embeddable":true,"href":"https:\/\/dunkagency.com\/en\/wp-json\/wp\/v2\/media\/2385"}],"wp:attachment":[{"href":"https:\/\/dunkagency.com\/en\/wp-json\/wp\/v2\/media?parent=2448"}],"curies":[{"name":"wp","href":"https:\/\/api.w.org\/{rel}","templated":true}]}}